{"id":2021,"date":"2020-05-05T17:37:30","date_gmt":"2020-05-05T21:37:30","guid":{"rendered":"https:\/\/produitprobert.com\/product\/fanair-elixir-beaute-de-collagene-2-pour-85-promo-des-fetes\/"},"modified":"2021-06-14T10:46:30","modified_gmt":"2021-06-14T14:46:30","slug":"fanair-collagen-beauty-elixir","status":"publish","type":"product","link":"https:\/\/produitprobert.com\/en\/produit\/fanair-collagen-beauty-elixir\/","title":{"rendered":"<span>FANAIR<\/span> | Collagen Beauty Elixir (2 for 90$)"},"content":{"rendered":"<p><span style=\"font-weight: 400;\">COLLAGEN SUPPLEMENT developed to condition skin, hair and nails.<\/span><\/p>\n<p>&nbsp;<\/p>\n<p><span style=\"font-weight: 400;\">Science recognizes that beautiful skin, beautiful hair and healthy nails requires several essential elements:<\/span><\/p>\n<p>&nbsp;<\/p>\n<ul>\n<li style=\"font-weight: 400;\" aria-level=\"1\"><span style=\"font-weight: 400;\">Collagen and specific amino acids (lysine and cysteine) to increase resistance and suppleness to nails, hair and skin;<\/span><\/li>\n<li style=\"font-weight: 400;\" aria-level=\"1\"><span style=\"font-weight: 400;\">Hyaluronic acid to reduce wrinkles and restore a youthful effect of the skin,<\/span><\/li>\n<li style=\"font-weight: 400;\" aria-level=\"1\"><span style=\"font-weight: 400;\">Silica (bamboo root) to strengthen nails and hair;<\/span><\/li>\n<li style=\"font-weight: 400;\" aria-level=\"1\"><span style=\"font-weight: 400;\">B vitamins (B5 and biotin) to give hair luster and tone;<\/span><\/li>\n<li style=\"font-weight: 400;\" aria-level=\"1\"><span style=\"font-weight: 400;\">Nettle root and zinc to balance hormonal ailments like acne, hair loss etc.<\/span><\/li>\n<\/ul>\n<p>&nbsp;<\/p>\n<p><span style=\"font-weight: 400;\">As a large amount of these elements is lost through aging when entering our 30\u2019s, and because it is not always clear how to address resulting collagen deficiencies through better nutrition, health professionals recommend filling collagen gaps with a good tonic of complete collagen, as it represents the key to your youth.<\/span><\/p>\n","protected":false},"excerpt":{"rendered":"<p>COLLAGEN SUPPLEMENT developed to condition skin, hair and nails. &nbsp; Science recognizes that beautiful skin, beautiful hair and healthy nails requires several essential elements: &nbsp; Collagen and specific amino acids (lysine and cysteine) to increase resistance and suppleness to nails, hair and skin; Hyaluronic acid to reduce wrinkles and restore a youthful effect of the<\/p>\n","protected":false},"featured_media":660,"template":"","meta":{"_acf_changed":false},"product_brand":[],"product_cat":[26],"product_tag":[],"class_list":{"0":"post-2021","1":"product","2":"type-product","3":"status-publish","4":"has-post-thumbnail","6":"product_cat-uncategorized","8":"first","9":"instock","10":"taxable","11":"shipping-taxable","12":"purchasable","13":"product-type-simple"},"acf":[],"yoast_head":"<!-- This site is optimized with the Yoast SEO plugin v24.5 - https:\/\/yoast.com\/wordpress\/plugins\/seo\/ -->\n<title>FANAIR | Collagen Beauty Elixir (2 for 90$) - Produits Probert<\/title>\n<meta name=\"description\" content=\"SUPPL\u00c9MENT DE COLLAG\u00c8NE pour revitaliser la peau, les cheveux et les ongles gr\u00e2ce \u00e0 notre formule qui contient plusieurs \u00e9l\u00e9ments essentiels\" \/>\n<meta name=\"robots\" content=\"index, follow, max-snippet:-1, max-image-preview:large, max-video-preview:-1\" \/>\n<link rel=\"canonical\" href=\"https:\/\/produitprobert.com\/en\/produit\/fanair-collagen-beauty-elixir\/\" \/>\n<meta property=\"og:locale\" content=\"en_US\" \/>\n<meta property=\"og:type\" content=\"article\" \/>\n<meta property=\"og:title\" content=\"FANAIR | Collagen Beauty Elixir (2 for 90$) - Produits Probert\" \/>\n<meta property=\"og:description\" content=\"SUPPL\u00c9MENT DE COLLAG\u00c8NE pour revitaliser la peau, les cheveux et les ongles gr\u00e2ce \u00e0 notre formule qui contient plusieurs \u00e9l\u00e9ments essentiels\" \/>\n<meta property=\"og:url\" content=\"https:\/\/produitprobert.com\/en\/produit\/fanair-collagen-beauty-elixir\/\" \/>\n<meta property=\"og:site_name\" content=\"Produits Probert\" \/>\n<meta property=\"article:modified_time\" content=\"2021-06-14T14:46:30+00:00\" \/>\n<meta name=\"twitter:card\" content=\"summary_large_image\" \/>\n<meta name=\"twitter:label1\" content=\"Est. reading time\" \/>\n\t<meta name=\"twitter:data1\" content=\"1 minute\" \/>\n<script type=\"application\/ld+json\" class=\"yoast-schema-graph\">{\"@context\":\"https:\/\/schema.org\",\"@graph\":[{\"@type\":\"WebPage\",\"@id\":\"https:\/\/produitprobert.com\/en\/produit\/fanair-collagen-beauty-elixir\/\",\"url\":\"https:\/\/produitprobert.com\/en\/produit\/fanair-collagen-beauty-elixir\/\",\"name\":\"FANAIR | Collagen Beauty Elixir (2 for 90$) - Produits Probert\",\"isPartOf\":{\"@id\":\"https:\/\/produitprobert.com\/en\/#website\"},\"primaryImageOfPage\":{\"@id\":\"https:\/\/produitprobert.com\/en\/produit\/fanair-collagen-beauty-elixir\/#primaryimage\"},\"image\":{\"@id\":\"https:\/\/produitprobert.com\/en\/produit\/fanair-collagen-beauty-elixir\/#primaryimage\"},\"thumbnailUrl\":\"https:\/\/i0.wp.com\/produitprobert.com\/wp-content\/uploads\/2020\/05\/Probert-Fanair-400.png?fit=700%2C700&ssl=1\",\"datePublished\":\"2020-05-05T21:37:30+00:00\",\"dateModified\":\"2021-06-14T14:46:30+00:00\",\"description\":\"SUPPL\u00c9MENT DE COLLAG\u00c8NE pour revitaliser la peau, les cheveux et les ongles gr\u00e2ce \u00e0 notre formule qui contient plusieurs \u00e9l\u00e9ments essentiels\",\"breadcrumb\":{\"@id\":\"https:\/\/produitprobert.com\/en\/produit\/fanair-collagen-beauty-elixir\/#breadcrumb\"},\"inLanguage\":\"en-US\",\"potentialAction\":[{\"@type\":\"ReadAction\",\"target\":[\"https:\/\/produitprobert.com\/en\/produit\/fanair-collagen-beauty-elixir\/\"]}]},{\"@type\":\"ImageObject\",\"inLanguage\":\"en-US\",\"@id\":\"https:\/\/produitprobert.com\/en\/produit\/fanair-collagen-beauty-elixir\/#primaryimage\",\"url\":\"https:\/\/i0.wp.com\/produitprobert.com\/wp-content\/uploads\/2020\/05\/Probert-Fanair-400.png?fit=700%2C700&ssl=1\",\"contentUrl\":\"https:\/\/i0.wp.com\/produitprobert.com\/wp-content\/uploads\/2020\/05\/Probert-Fanair-400.png?fit=700%2C700&ssl=1\",\"width\":700,\"height\":700},{\"@type\":\"BreadcrumbList\",\"@id\":\"https:\/\/produitprobert.com\/en\/produit\/fanair-collagen-beauty-elixir\/#breadcrumb\",\"itemListElement\":[{\"@type\":\"ListItem\",\"position\":1,\"name\":\"Accueil\",\"item\":\"https:\/\/produitprobert.com\/en\/\"},{\"@type\":\"ListItem\",\"position\":2,\"name\":\"Shop\",\"item\":\"https:\/\/produitprobert.com\/en\/shop-2\/\"},{\"@type\":\"ListItem\",\"position\":3,\"name\":\"FANAIR | Collagen Beauty Elixir (2 for 90$)\"}]},{\"@type\":\"WebSite\",\"@id\":\"https:\/\/produitprobert.com\/en\/#website\",\"url\":\"https:\/\/produitprobert.com\/en\/\",\"name\":\"Produits Probert\",\"description\":\"Un site utilisant WordPress\",\"potentialAction\":[{\"@type\":\"SearchAction\",\"target\":{\"@type\":\"EntryPoint\",\"urlTemplate\":\"https:\/\/produitprobert.com\/en\/?s={search_term_string}\"},\"query-input\":{\"@type\":\"PropertyValueSpecification\",\"valueRequired\":true,\"valueName\":\"search_term_string\"}}],\"inLanguage\":\"en-US\"}]}<\/script>\n<!-- \/ Yoast SEO plugin. -->","yoast_head_json":{"title":"FANAIR | Collagen Beauty Elixir (2 for 90$) - Produits Probert","description":"SUPPL\u00c9MENT DE COLLAG\u00c8NE pour revitaliser la peau, les cheveux et les ongles gr\u00e2ce \u00e0 notre formule qui contient plusieurs \u00e9l\u00e9ments essentiels","robots":{"index":"index","follow":"follow","max-snippet":"max-snippet:-1","max-image-preview":"max-image-preview:large","max-video-preview":"max-video-preview:-1"},"canonical":"https:\/\/produitprobert.com\/en\/produit\/fanair-collagen-beauty-elixir\/","og_locale":"en_US","og_type":"article","og_title":"FANAIR | Collagen Beauty Elixir (2 for 90$) - Produits Probert","og_description":"SUPPL\u00c9MENT DE COLLAG\u00c8NE pour revitaliser la peau, les cheveux et les ongles gr\u00e2ce \u00e0 notre formule qui contient plusieurs \u00e9l\u00e9ments essentiels","og_url":"https:\/\/produitprobert.com\/en\/produit\/fanair-collagen-beauty-elixir\/","og_site_name":"Produits Probert","article_modified_time":"2021-06-14T14:46:30+00:00","twitter_card":"summary_large_image","twitter_misc":{"Est. reading time":"1 minute"},"schema":{"@context":"https:\/\/schema.org","@graph":[{"@type":"WebPage","@id":"https:\/\/produitprobert.com\/en\/produit\/fanair-collagen-beauty-elixir\/","url":"https:\/\/produitprobert.com\/en\/produit\/fanair-collagen-beauty-elixir\/","name":"FANAIR | Collagen Beauty Elixir (2 for 90$) - Produits Probert","isPartOf":{"@id":"https:\/\/produitprobert.com\/en\/#website"},"primaryImageOfPage":{"@id":"https:\/\/produitprobert.com\/en\/produit\/fanair-collagen-beauty-elixir\/#primaryimage"},"image":{"@id":"https:\/\/produitprobert.com\/en\/produit\/fanair-collagen-beauty-elixir\/#primaryimage"},"thumbnailUrl":"https:\/\/i0.wp.com\/produitprobert.com\/wp-content\/uploads\/2020\/05\/Probert-Fanair-400.png?fit=700%2C700&ssl=1","datePublished":"2020-05-05T21:37:30+00:00","dateModified":"2021-06-14T14:46:30+00:00","description":"SUPPL\u00c9MENT DE COLLAG\u00c8NE pour revitaliser la peau, les cheveux et les ongles gr\u00e2ce \u00e0 notre formule qui contient plusieurs \u00e9l\u00e9ments essentiels","breadcrumb":{"@id":"https:\/\/produitprobert.com\/en\/produit\/fanair-collagen-beauty-elixir\/#breadcrumb"},"inLanguage":"en-US","potentialAction":[{"@type":"ReadAction","target":["https:\/\/produitprobert.com\/en\/produit\/fanair-collagen-beauty-elixir\/"]}]},{"@type":"ImageObject","inLanguage":"en-US","@id":"https:\/\/produitprobert.com\/en\/produit\/fanair-collagen-beauty-elixir\/#primaryimage","url":"https:\/\/i0.wp.com\/produitprobert.com\/wp-content\/uploads\/2020\/05\/Probert-Fanair-400.png?fit=700%2C700&ssl=1","contentUrl":"https:\/\/i0.wp.com\/produitprobert.com\/wp-content\/uploads\/2020\/05\/Probert-Fanair-400.png?fit=700%2C700&ssl=1","width":700,"height":700},{"@type":"BreadcrumbList","@id":"https:\/\/produitprobert.com\/en\/produit\/fanair-collagen-beauty-elixir\/#breadcrumb","itemListElement":[{"@type":"ListItem","position":1,"name":"Accueil","item":"https:\/\/produitprobert.com\/en\/"},{"@type":"ListItem","position":2,"name":"Shop","item":"https:\/\/produitprobert.com\/en\/shop-2\/"},{"@type":"ListItem","position":3,"name":"FANAIR | Collagen Beauty Elixir (2 for 90$)"}]},{"@type":"WebSite","@id":"https:\/\/produitprobert.com\/en\/#website","url":"https:\/\/produitprobert.com\/en\/","name":"Produits Probert","description":"Un site utilisant WordPress","potentialAction":[{"@type":"SearchAction","target":{"@type":"EntryPoint","urlTemplate":"https:\/\/produitprobert.com\/en\/?s={search_term_string}"},"query-input":{"@type":"PropertyValueSpecification","valueRequired":true,"valueName":"search_term_string"}}],"inLanguage":"en-US"}]}},"jetpack_sharing_enabled":true,"_links":{"self":[{"href":"https:\/\/produitprobert.com\/en\/wp-json\/wp\/v2\/product\/2021","targetHints":{"allow":["GET"]}}],"collection":[{"href":"https:\/\/produitprobert.com\/en\/wp-json\/wp\/v2\/product"}],"about":[{"href":"https:\/\/produitprobert.com\/en\/wp-json\/wp\/v2\/types\/product"}],"wp:featuredmedia":[{"embeddable":true,"href":"https:\/\/produitprobert.com\/en\/wp-json\/wp\/v2\/media\/660"}],"wp:attachment":[{"href":"https:\/\/produitprobert.com\/en\/wp-json\/wp\/v2\/media?parent=2021"}],"wp:term":[{"taxonomy":"product_brand","embeddable":true,"href":"https:\/\/produitprobert.com\/en\/wp-json\/wp\/v2\/product_brand?post=2021"},{"taxonomy":"product_cat","embeddable":true,"href":"https:\/\/produitprobert.com\/en\/wp-json\/wp\/v2\/product_cat?post=2021"},{"taxonomy":"product_tag","embeddable":true,"href":"https:\/\/produitprobert.com\/en\/wp-json\/wp\/v2\/product_tag?post=2021"}],"curies":[{"name":"wp","href":"https:\/\/api.w.org\/{rel}","templated":true}]}}